{"id":5729,"date":"2022-05-17T08:30:08","date_gmt":"2022-05-17T06:30:08","guid":{"rendered":"https:\/\/active-aqua.com\/imprint\/"},"modified":"2024-07-25T11:44:06","modified_gmt":"2024-07-25T09:44:06","slug":"imprint","status":"publish","type":"page","link":"https:\/\/active-aqua.com\/en\/imprint\/","title":{"rendered":"Imprint"},"content":{"rendered":"\t\t<div data-elementor-type=\"wp-page\" data-elementor-id=\"5729\" class=\"elementor elementor-5729 elementor-5723\" data-elementor-post-type=\"page\">\n\t\t\t\t\t\t<section class=\"elementor-section elementor-top-section elementor-element elementor-element-0699c1e elementor-section-boxed elementor-section-height-default elementor-section-height-default\" data-id=\"0699c1e\" data-element_type=\"section\">\n\t\t\t\t\t\t<div class=\"elementor-container elementor-column-gap-default\">\n\t\t\t\t\t<div class=\"elementor-column elementor-col-100 elementor-top-column elementor-element elementor-element-e709364\" data-id=\"e709364\" data-element_type=\"column\">\n\t\t\t<div class=\"elementor-widget-wrap elementor-element-populated\">\n\t\t\t\t\t\t<div class=\"elementor-element elementor-element-27cf3a6 elementor-widget elementor-widget-text-editor\" data-id=\"27cf3a6\" data-element_type=\"widget\" data-widget_type=\"text-editor.default\">\n\t\t\t\t<div class=\"elementor-widget-container\">\n\t\t\t\t\t\t\t\t\t<h1><b>Imprint<\/b><\/h1><p>HIT Hinrichs Innovation + Technik GmbH<br>Kleine Stra\u00dfe 2<br>25795 Weddingstedt<\/p><p><strong>Represented by:<\/strong><\/p><p>Dipl.-Ing. (FH) Thorsten Hinrichs<\/p><p><strong>Contact:<\/strong><\/p><p>Telefon: + 49 (0) 481 \u2013 68 37 63-0<br>Telefax: + 49 (0) 481 \u2013 68 37 63-10<br>E-Mail: info@aktivstall.de<\/p><p>Our <a href=\"https:\/\/active-aqua.com\/wp-content\/uploads\/2015\/06\/AGB.pdf\">Conditions<\/a><\/p><hr><p><strong>Bank details:<\/strong><\/p><p>Sparkasse Hennstedt-Wesselburen<br>Kto.-Nr. 74 001 823<br>BLZ 218 523 10<br>IBAN: DE89218523100074001823<br>BIC: NOLADE21WEB<\/p><p>Dithm. Volks- und Raiffeisenbank<br>Kto: 1135708<br>BLZ 21890022<\/p><p><strong>Register entry:<\/strong><\/p><p>Eintragung im Handelsregister.<br>Registergericht:Amtsgericht Meldorf<br>Registernummer: HRB 1665<\/p><p><strong>Value added tax:<\/strong><\/p><p>Umsatzsteuer-Identifikationsnummer gem\u00e4\u00df \u00a727 a Umsatzsteuergesetz:<br>DE 221 866 932<\/p><p><strong>Dispute resolution:<\/strong><\/p><p>Die Europ\u00e4ische Kommission stellt eine Plattform zur Online-Streitbeilegung (OS) bereit: <a href=\"https:\/\/ec.europa.eu\/consumers\/odr\" target=\"_blank\" rel=\"noopener\">https:\/\/ec.europa.eu\/consumers\/odr<\/a>.<br>Unsere E-Mail-Adresse finden Sie oben im Impressum.<\/p><p>We are not willing or obliged to participate in dispute settlement procedures before a consumer arbitration board.<\/p><hr><p><strong>Liability for content<\/strong><\/p><p>Obligations to remove or block the use of information according to general laws remain unaffected. However, liability in this regard is only possible from the point in time at which knowledge of a specific infringement of the law is known. As soon as we become aware of any violations of the law, we will remove this content immediately.<\/p><p><strong>Liability for links<\/strong><\/p><p>Our offer contains links to external websites over which we have no influence. Therefore we cannot assume any liability for this external content. The respective provider or operator of the pages is always responsible for the content of the linked pages. The linked pages were checked for possible legal violations at the time of linking. Illegal content was not recognizable at the time of linking.<\/p><p>However, a permanent control of the content of the linked pages is not reasonable without concrete evidence of an infringement. As soon as we become aware of legal violations, we will remove such links immediately.<\/p><p><strong>copyright<\/strong><\/p><p>The content and works on these pages created by the site operators are subject to German copyright law. The duplication, editing, distribution and any kind of exploitation outside the limits of copyright require the written consent of the respective author or creator. Downloads and copies of this site are only permitted for private, non-commercial use.<\/p><p>Insofar as the content on this site was not created by the operator, the copyrights of third parties are observed. In particular contents of third parties are marked as such. Should you nevertheless become aware of a copyright infringement, we ask that you inform us accordingly. As soon as we become aware of legal violations, we will remove such content immediately.<\/p><hr><p>Wir besch\u00e4ftigen Innovationsassistenten, gef\u00f6rdert aus dem Wirtschaftsprogramm Zukunft.<br>In das Zukunftsprogramm Wirtschaft flie\u00dfen im Zeitraum 2007 \u2013 2013 rund 720 Millionen Euro f\u00fcr die wirtschafts- und regionalpolitische F\u00f6rderung in Schleswig-Holstein, davon rund 374 Mio. Euro aus dem Europ\u00e4ischen Fonds f\u00fcr regionale Entwicklung (EFRE), rund 173 Mio. Euro aus der Bund-L\u00e4nder-Gemeinschaftsaufgabe \u201cVerbesserung der regionalen Wirtschaftsstruktur\u201d sowie rund 175 Mio. Euro aus erg\u00e4nzenden Landesmitteln.<\/p><hr><p>The company Hit-Aktivstall\u00ae is funded as part of the future program for business (ZPW) of the state of Schleswig-Holstein in the field of action &#8220;Innovations in companies&#8221; with funds from the European Fund for Regional Development (ERDF) of the European Union. In the period from 2007 to 2013, around 704 million euros will flow into the ZPW for economic and regional policy funding in Schleswig-Holstein, of which around 374 million euros will come from the ERDF, around 208 million euros from the federal and state joint task \u201cImprovement of the regional economic structure\u201d (GRW) and additional state funds of around 122 million euros.<\/p>\t\t\t\t\t\t\t\t<\/div>\n\t\t\t\t<\/div>\n\t\t\t\t\t<\/div>\n\t\t<\/div>\n\t\t\t\t\t<\/div>\n\t\t<\/section>\n\t\t\t\t<\/div>\n\t\t","protected":false},"excerpt":{"rendered":"<p>Imprint HIT Hinrichs Innovation + Technik GmbHKleine Stra\u00dfe 225795 Weddingstedt Represented by: Dipl.-Ing. (FH) Thorsten Hinrichs Contact: Telefon: + 49 (0) 481 \u2013 68 37 63-0Telefax: + 49 (0) 481 \u2013 68 37 63-10E-Mail: info@aktivstall.de Our Conditions Bank details: Sparkasse Hennstedt-WesselburenKto.-Nr. 74 001 823BLZ 218 523 10IBAN: DE89218523100074001823BIC: NOLADE21WEB Dithm. Volks- und RaiffeisenbankKto: 1135708BLZ 21890022 [&hellip;]<\/p>\n","protected":false},"author":3,"featured_media":0,"parent":0,"menu_order":0,"comment_status":"closed","ping_status":"closed","template":"","meta":{"footnotes":""},"class_list":["post-5729","page","type-page","status-publish","hentry"],"_links":{"self":[{"href":"https:\/\/active-aqua.com\/en\/wp-json\/wp\/v2\/pages\/5729","targetHints":{"allow":["GET"]}}],"collection":[{"href":"https:\/\/active-aqua.com\/en\/wp-json\/wp\/v2\/pages"}],"about":[{"href":"https:\/\/active-aqua.com\/en\/wp-json\/wp\/v2\/types\/page"}],"author":[{"embeddable":true,"href":"https:\/\/active-aqua.com\/en\/wp-json\/wp\/v2\/users\/3"}],"replies":[{"embeddable":true,"href":"https:\/\/active-aqua.com\/en\/wp-json\/wp\/v2\/comments?post=5729"}],"version-history":[{"count":2,"href":"https:\/\/active-aqua.com\/en\/wp-json\/wp\/v2\/pages\/5729\/revisions"}],"predecessor-version":[{"id":10252,"href":"https:\/\/active-aqua.com\/en\/wp-json\/wp\/v2\/pages\/5729\/revisions\/10252"}],"wp:attachment":[{"href":"https:\/\/active-aqua.com\/en\/wp-json\/wp\/v2\/media?parent=5729"}],"curies":[{"name":"wp","href":"https:\/\/api.w.org\/{rel}","templated":true}]}}